{"id":5609,"date":"2022-10-02T08:22:24","date_gmt":"2022-10-02T07:22:24","guid":{"rendered":"https:\/\/onderoad.radiopopolare.it\/?page_id=5609"},"modified":"2022-10-05T08:46:29","modified_gmt":"2022-10-05T07:46:29","slug":"circumnavigando-letna-a-bordo-di-una-littorina","status":"publish","type":"page","link":"https:\/\/onderoad.radiopopolare.it\/?page_id=5609","title":{"rendered":"&#8212; CIRCUMNAVIGANDO L\u2019ETNA A BORDO DI UNA LITTORINA\u2026"},"content":{"rendered":"<p><em><strong>Circumetnea.<\/strong><\/em><strong><em>&nbsp; <\/em><\/strong>Collega Catania con Riposto, compiendo il periplo dell&#8217;Etna e passando per diversi centri pedemontani etnei. <strong><em>Indirizzo: <\/em><\/strong>Stazione Borgo, via Caronda 352\/A, Catania <strong><em>Tel.<\/em><\/strong> 095 541250\/1 <strong><em>Web: <\/em><\/strong>circumetnea.it <strong><em>Prezzi:<\/em><\/strong> Biglietto turistico Catania &#8211; Riposto: 13\u20ac (si pu\u00f2 scendere a una fermata e salire sul treno successivo, facendo per\u00f2 attenzione agli orari perch\u00e8 le corse sono limitate).&nbsp;<a href=\"https:\/\/www.circumetnea.it\/\">www.circumetnea.it<\/a><\/p>\n<p><strong><em>Bronte (CT)<\/em><\/strong><em> Hotel La Fucina di Vulcano&nbsp; <\/em><em>SS. 284 C.da Piano Palo-Difesa; tel. 095 693730;&nbsp; <\/em><a href=\"https:\/\/www.fucinadivulcano.it\/\"><em>www.fucinadivulcano.it<\/em><\/a><em>.&nbsp; <\/em>Sito in posizione strategica all\u2019interno del territorio del Parco dell\u2019Etna, in un\u2019oasi di verde dominata dal vulcano pi\u00f9 alto d\u2019Europa. <em>Doppia con colazione a partire da 100\u20ac&nbsp; <\/em><\/p>\n<p><strong><em>La locanda del carrettiere.<\/em><\/strong> Contrada Cantera, Bronte (CT); tel. 095 7721961; chiuso il marted\u00ec;<\/p>\n<p><a href=\"https:\/\/www.lalocandadelcarrettierebronte.it\/\">www.lalocandadelcarrettierebronte.it<\/a>. Imperdibili, essendo a Bronte, le penne al pistacchio e la coppa di suino in crosta di pistacchio. Strepitosa carta dei liquori e dei distillati: l&#8217; &#8220;Amaroteca cumpari Alfio&#8221; si segnala per&nbsp; un\u2019ampia selezione di amari, con particolare attenzione alla variegata produzione siciliana.<\/p>\n<p><strong><em>Il buongustaio.<\/em><\/strong> Corso Umberto 8\/53, Randazzo (CT); tel. 320 9760623; in estate aperto 7 gg su 7 dalle 8.30 alle 2, in inverno luned\u00ec-sabato sino alle 21 (chiuso domenica pomeriggio); <a href=\"http:\/\/www.buongustaiodelletna.com\">www.buongustaiodelletna.com<\/a>. Enoteca e negozio di prodotti locali tipici, che serve ottimi taglieri con salumi dei Nebrodi e formaggi locali come la provola sfoglia e il canestrato al pistacchio<\/p>\n<p><em>&nbsp;<\/em><strong><em>Vini<\/em><\/strong><em> Cantina Pietradolce<\/em>, Contrada Rampante, Solicchiata, Castiglione di Sicilia (CT); tel. 344 0640839; <a href=\"http:\/\/www.pietradolce.it\">www.pietradolce.it<\/a>. La nuova cantina, eco-sostenibile, \u00e8 una costruzione ipogea frutto di una architettura meno invasiva e pi\u00f9 rispettosa del paesaggio circostante. All&#8217;interno della cantina,&nbsp;arte e artigianalit\u00e0 si intrecciano: qui si produce vino, ma \u00e8 anche un contenitore di opere d&#8217;arte e design. Vini ovviamente ricavati da vitigni autoctoni dell&#8217;Etna (Nerello Mascalese e Carricante).<\/p>\n<p><strong><em>Pistacchio<\/em><\/strong> <em>Azienda Agricola Spitaleri Carmelo<\/em>, via Formia 4, Bronte (CT); tel. <em>095 8838248 <\/em><em>&#8211;<\/em><em> 329 5355610<\/em><em>;<\/em> <a href=\"https:\/\/www.pistacchiodibronte.it\/\">www.pistacchiodibronte.it<\/a>.&nbsp; Per essere sicuri di trovare del pistacchio realmente di Bronte bisogna controllare che la confezione riporti il marchio &#8220;Consorzio di tutela del pistacchio verde di <a href=\"https:\/\/consorziopistacchioverde.it\/\">Bronte DOP<\/a>&#8221; e il numero di autorizzazione del consorzio. Pistacchi sotto vuoto, crema e pesto di pistacchio.<\/p>\n<p><em>Dolci <\/em><em>Pasticceria Santo Musumeci<\/em>, Piazza Santa Maria 5, Randazzo (CT); tel. 095 921196;<\/p>\n<p><img loading=\"lazy\" decoding=\"async\" class=\"alignnone size-medium wp-image-5611\" src=\"https:\/\/onderoad.radiopopolare.it\/wp-content\/uploads\/2022\/10\/Lungo-la-Circumetnea_giugno-2021-800x549.jpg\" alt=\"\" width=\"800\" height=\"549\" srcset=\"https:\/\/onderoad.radiopopolare.it\/wp-content\/uploads\/2022\/10\/Lungo-la-Circumetnea_giugno-2021-800x549.jpg 800w, https:\/\/onderoad.radiopopolare.it\/wp-content\/uploads\/2022\/10\/Lungo-la-Circumetnea_giugno-2021-768x527.jpg 768w, https:\/\/onderoad.radiopopolare.it\/wp-content\/uploads\/2022\/10\/Lungo-la-Circumetnea_giugno-2021-553x380.jpg 553w\" sizes=\"auto, (max-width: 800px) 100vw, 800px\" \/><\/p>\n","protected":false},"excerpt":{"rendered":"<p>Circumetnea.&nbsp; Collega Catania con Riposto, compiendo il periplo dell&#8217;Etna e passando per diversi centri pedemontani etnei. Indirizzo: Stazione Borgo, via Caronda 352\/A, Catania Tel. 095 541250\/1 Web: circumetnea.it Prezzi: Biglietto turistico Catania &#8211; Riposto: 13\u20ac (si pu\u00f2 scendere a una fermata e salire sul treno successivo, facendo per\u00f2 attenzione agli orari perch\u00e8 le corse sono &hellip; <a href=\"https:\/\/onderoad.radiopopolare.it\/?page_id=5609\" class=\"more-link\">Continua a leggere <span class=\"screen-reader-text\">&#8212; CIRCUMNAVIGANDO L\u2019ETNA A BORDO DI UNA LITTORINA\u2026<\/span><\/a><\/p>\n","protected":false},"author":1,"featured_media":0,"parent":1504,"menu_order":0,"comment_status":"closed","ping_status":"closed","template":"","meta":{"ngg_post_thumbnail":0,"footnotes":""},"class_list":["post-5609","page","type-page","status-publish","hentry","without-featured-image"],"_links":{"self":[{"href":"https:\/\/onderoad.radiopopolare.it\/index.php?rest_route=\/wp\/v2\/pages\/5609","targetHints":{"allow":["GET"]}}],"collection":[{"href":"https:\/\/onderoad.radiopopolare.it\/index.php?rest_route=\/wp\/v2\/pages"}],"about":[{"href":"https:\/\/onderoad.radiopopolare.it\/index.php?rest_route=\/wp\/v2\/types\/page"}],"author":[{"embeddable":true,"href":"https:\/\/onderoad.radiopopolare.it\/index.php?rest_route=\/wp\/v2\/users\/1"}],"replies":[{"embeddable":true,"href":"https:\/\/onderoad.radiopopolare.it\/index.php?rest_route=%2Fwp%2Fv2%2Fcomments&post=5609"}],"version-history":[{"count":6,"href":"https:\/\/onderoad.radiopopolare.it\/index.php?rest_route=\/wp\/v2\/pages\/5609\/revisions"}],"predecessor-version":[{"id":5618,"href":"https:\/\/onderoad.radiopopolare.it\/index.php?rest_route=\/wp\/v2\/pages\/5609\/revisions\/5618"}],"up":[{"embeddable":true,"href":"https:\/\/onderoad.radiopopolare.it\/index.php?rest_route=\/wp\/v2\/pages\/1504"}],"wp:attachment":[{"href":"https:\/\/onderoad.radiopopolare.it\/index.php?rest_route=%2Fwp%2Fv2%2Fmedia&parent=5609"}],"curies":[{"name":"wp","href":"https:\/\/api.w.org\/{rel}","templated":true}]}}