{"id":5507,"date":"2022-06-04T07:46:06","date_gmt":"2022-06-04T06:46:06","guid":{"rendered":"https:\/\/onderoad.radiopopolare.it\/?page_id=5507"},"modified":"2022-06-04T07:52:31","modified_gmt":"2022-06-04T06:52:31","slug":"lanzarote-una-casa-fatta-di-libri-e-unisoletta-graciosa","status":"publish","type":"page","link":"https:\/\/onderoad.radiopopolare.it\/?page_id=5507","title":{"rendered":"Lanzarote: una casa fatta di libri e un isoletta &#8216;Graciosa&#8217;"},"content":{"rendered":"<p><img loading=\"lazy\" decoding=\"async\" class=\"alignnone size-medium wp-image-5509\" src=\"https:\/\/onderoad.radiopopolare.it\/wp-content\/uploads\/2022\/06\/Nautilus-Hotel-800x533.jpg\" alt=\"\" width=\"800\" height=\"533\" srcset=\"https:\/\/onderoad.radiopopolare.it\/wp-content\/uploads\/2022\/06\/Nautilus-Hotel-800x533.jpg 800w, https:\/\/onderoad.radiopopolare.it\/wp-content\/uploads\/2022\/06\/Nautilus-Hotel-768x512.jpg 768w, https:\/\/onderoad.radiopopolare.it\/wp-content\/uploads\/2022\/06\/Nautilus-Hotel-570x380.jpg 570w\" sizes=\"auto, (max-width: 800px) 100vw, 800px\" \/><\/p>\n<p><strong><em>Dormire<\/em><\/strong><\/p>\n<p><a href=\"http:\/\/www.nautilus-lanzarote.com\/\"><strong><em>Nautilus Lanzarote<\/em><\/strong><\/a><em>. Calle Gramillo 5, Matagorda; tel. +34 928 51 44 00; www.nautilus-lanzarote.com; appartamento di 55 m\u00b2 (2 letti e un sof\u00e0) con cucina: da 95 \u20ac<\/em><\/p>\n<p>Complesso di appartamenti circondato da 1200mq di giardini, l\u2019unico complesso turistico in Canaria ufficialmente certificato come libero da barriere architettoniche. Il mare dista un centinaio di metri e vanta due piscine climatizzate. Ha una sala sociale dove viene servito il buffet della prima colazione, dove si pu\u00f2 richiedere cibo d\u2019asporto dalle 9.00 alle 12.00 e dove si pratica book crossing. Nella parte sottostante alla reception si trovano mini market, sala massaggi e fisioterapia. Il Nautilus ha una residenza per artisti che al termine del soggiorno lasciano \u201cin eredit\u00e0\u201d una o pi\u00f9 delle loro opere trasformando cos\u00ec la struttura in un museo d&#8217;arte contemporanea.<\/p>\n<p><strong><em>&nbsp;<\/em><\/strong><\/p>\n<p><strong><em>Mangiare<\/em><\/strong><\/p>\n<p><strong><em>Qu\u00e8 MUAC<\/em><\/strong><em> <strong>&nbsp;<\/strong><\/em><em>Av. de Naos s\/n,&nbsp; Arrecife, tel. +34 928 812321, <\/em><a href=\"https:\/\/www.facebook.com\/pages\/Restaurante-Que-Muac\/700627896723943\"><em>facebook.com\/pages\/Restaurante-<\/em><\/a><\/p>\n<p><em>Que-Muac\/700627896723943; web <\/em><a href=\"https:\/\/www.facebook.com\/pages\/Restaurante-Que-Muac\/700627896723943\"><em>https:\/\/www.facebook.com\/pages\/Restaurante-Que-Muac\/700627896723943<\/em><\/a><em> ; Costo medio 30 \u20ac&nbsp; <\/em><\/p>\n<p>Il ristorante, i cui interni sono stati disegnati da C\u00e9sar Manrique, \u00e8 dentro il Castillo de San Jos\u00e8,<\/p>\n<p>una delle fortezze che difendevano l&#8217;isola dagli attacchi dei pirati. Dispone di vetrate che regalano una meravigliosa vista sul porto e sull&#8217;Oceano. &nbsp;Men\u00f9 degustazione con 5 piatti pi\u00f9 il dolce a 27 \u20ac e cantina di livello a costi contenuti.<\/p>\n<p><strong><em>Ristorante El Diablo<\/em><\/strong><em> &nbsp;Monta\u00f1a del Fuego Carretera General Yaiza- Tinajo, Tinajo; tel. +34 928<\/em><\/p>\n<p><em>840057; Orari: caffetteria dalle 9 alle 16:45, ristorante dalle 12 alle 16:45; costo medio 30 \u20ac. <\/em><\/p>\n<p>Disegnato da C\u00e9sar Manrique, si trova nel <strong>Timanfaya National Park: costituito da spazi cilindrici disposti su di un solo piano, <\/strong>permette di godere della vista panoramica delle Monta\u00f1as del Fuego. La specialit\u00e0 \u00e8 la <strong>carne alla brace<\/strong>, cotta a <strong>450\u00b0 C utilizzando<\/strong> per la preparazione dei piatti usa il calore geotermico del <strong>vulcano <\/strong>dormiente sul quale sorge.<\/p>\n<p><strong><em>El Lago Restaurante<\/em><\/strong> <em>Calle Caleta de Campo 15 (<\/em><em>Punta Mujeres),<\/em><em> Arrieta; tel. +34 928848176, costo medio 20 \u20ac.&nbsp; <\/em><\/p>\n<p>Ambiente informale, splendida posizione a un passo dal mare, meta ideale per un pranzo dopo la visita del Jameos de Agua. E&#8217; un ristorante di pesce e ci si pu\u00f2 tranquillamente fidare dei suggerimenti dello chef.<\/p>\n<p><strong><em>El Barquillo&nbsp; <\/em><\/strong><em>Calle Recalmon 20, La Santa; tel. +34 928840136;&nbsp; costo medio: 15 \u20ac&nbsp; <\/em><\/p>\n<p>Ricavato nel basement di un paesino che sembra fuori dal mondo, ci si pu\u00f2 andare a pranzo dopo essere stati alla Caleta de Famara a prendere il sole. E&#8217; una trattoria popolare con un&#8217;ottima cucina<\/p>\n<p><strong>dove domina il pesce.&nbsp; <\/strong><\/p>\n<p><strong><em>&nbsp;<\/em><\/strong><\/p>\n<p><strong><em>Comprare<\/em><\/strong><\/p>\n<p>Ogni domenica mattina il villaggio di <strong><em>Teguise<\/em><\/strong>, prima capitale dell&#8217;isola, si trasforma. Il silenzio e la tranquillit\u00e0 delle sue strade lasciano il posto al trambusto di numerose bancarelle e artigiani. Nelle sue strade e piazze si svolge il pi\u00f9 importante mercato di strada delle isole Canarie, adottato da numerosi artisti per vendere le loro opere. E&#8217; possibile acquistare anche prodotti artigianali di ogni tipo: ceramiche, vimini, pelletteria, oltre a formaggi, vini e prodotti a base di cactus e aloe. Prodotti<\/p>\n","protected":false},"excerpt":{"rendered":"<p>Dormire Nautilus Lanzarote. Calle Gramillo 5, Matagorda; tel. +34 928 51 44 00; www.nautilus-lanzarote.com; appartamento di 55 m\u00b2 (2 letti e un sof\u00e0) con cucina: da 95 \u20ac Complesso di appartamenti circondato da 1200mq di giardini, l\u2019unico complesso turistico in Canaria ufficialmente certificato come libero da barriere architettoniche. Il mare dista un centinaio di metri &hellip; <a href=\"https:\/\/onderoad.radiopopolare.it\/?page_id=5507\" class=\"more-link\">Continua a leggere <span class=\"screen-reader-text\">Lanzarote: una casa fatta di libri e un isoletta &#8216;Graciosa&#8217;<\/span><\/a><\/p>\n","protected":false},"author":1,"featured_media":0,"parent":1504,"menu_order":0,"comment_status":"closed","ping_status":"closed","template":"","meta":{"ngg_post_thumbnail":0,"footnotes":""},"class_list":["post-5507","page","type-page","status-publish","hentry","without-featured-image"],"_links":{"self":[{"href":"https:\/\/onderoad.radiopopolare.it\/index.php?rest_route=\/wp\/v2\/pages\/5507","targetHints":{"allow":["GET"]}}],"collection":[{"href":"https:\/\/onderoad.radiopopolare.it\/index.php?rest_route=\/wp\/v2\/pages"}],"about":[{"href":"https:\/\/onderoad.radiopopolare.it\/index.php?rest_route=\/wp\/v2\/types\/page"}],"author":[{"embeddable":true,"href":"https:\/\/onderoad.radiopopolare.it\/index.php?rest_route=\/wp\/v2\/users\/1"}],"replies":[{"embeddable":true,"href":"https:\/\/onderoad.radiopopolare.it\/index.php?rest_route=%2Fwp%2Fv2%2Fcomments&post=5507"}],"version-history":[{"count":3,"href":"https:\/\/onderoad.radiopopolare.it\/index.php?rest_route=\/wp\/v2\/pages\/5507\/revisions"}],"predecessor-version":[{"id":5511,"href":"https:\/\/onderoad.radiopopolare.it\/index.php?rest_route=\/wp\/v2\/pages\/5507\/revisions\/5511"}],"up":[{"embeddable":true,"href":"https:\/\/onderoad.radiopopolare.it\/index.php?rest_route=\/wp\/v2\/pages\/1504"}],"wp:attachment":[{"href":"https:\/\/onderoad.radiopopolare.it\/index.php?rest_route=%2Fwp%2Fv2%2Fmedia&parent=5507"}],"curies":[{"name":"wp","href":"https:\/\/api.w.org\/{rel}","templated":true}]}}