{"id":1502,"date":"2017-10-15T17:05:32","date_gmt":"2017-10-15T16:05:32","guid":{"rendered":"http:\/\/blogs.radiopopolare.it\/onderoad\/?page_id=1502"},"modified":"2018-06-18T13:45:27","modified_gmt":"2018-06-18T12:45:27","slug":"vallesani","status":"publish","type":"page","link":"https:\/\/onderoad.radiopopolare.it\/?page_id=1502","title":{"rendered":"Sentieri etilici vallesani, 15 ottobre 2017"},"content":{"rendered":"<p><strong>Info<\/strong>. Valais \/ Wallis Promotion. <em>Rue Pr\u00e9-Fleuri 6, Sion<\/em>. Tel. +41 27 327 3571 &#8211; <a href=\"http:\/\/www.vallese.ch\">vallese.ch<\/a><\/p>\n<p><strong>Foundation Pierre Gianadda<\/strong>. <em>Rue du Forum, Martigny<\/em>. Tel. +41 27 722 3978 &#8211; <a href=\"http:\/\/www.gianadda.ch\">gianadda.ch<\/a> ; E-mail: info@gianadda.ch. Aperto tutti giorni: da novembre a giugno dalle 10 alle 18, da giugno a novembre dalle 09 alle 19. Biglietto ingresso 15 CHF (12 Euro), studenti sino a 25 anni 8 CHF (6.5 Euro).<\/p>\n<p><strong>Mus\u00e9e et chiens du Saint-Bernard<\/strong>. <em>Rue du Levant 34, Martigny<\/em>. Tel. +41 27 720 49 20 &#8211; <a href=\"http:\/\/www.museesaintbernard.ch\">museesaintbernard.ch<\/a> ; E-mail: info@museesaintbernard.ch. Aperto tutti i giorni dalle 10 alle 18 (chiuso il luned\u00ec dal 15 ottobre al 15 aprile). Biglietto ingresso 12 CHF<\/p>\n<p><strong>Moulin Semblanet<\/strong>. <em>Rue des Mulins 11, Martigny<\/em>. Tel. +41 27 722 5198 &#8211; <a href=\"http:\/\/www.moulinsemblanet.ch\">moulinsemblanet.ch<\/a><\/p>\n<p><strong>Hotel Terminus<\/strong>. <strong>Route de La Gare 25, Orsi\u00e8res<\/strong>. Tel. +41 27 783 2040 &#8211;&nbsp;<a href=\"http:\/\/www.grosminus.ch\">grosminus.ch<\/a>. Camera doppia 120 CHF, men\u00f9 fisso 20 CHF.<\/p>\n<p><strong>Ospizio Gran San Bernardo<\/strong>. Per informazioni chiamare il +41 27 787 1236. o scrivere a hospice@gsbernard.net, o consultare il sito <a href=\"http:\/\/www.gsbernard.net\">gsbernard.net<\/a><\/p>\n<p><strong>Guide Alpine<\/strong>. Per raggiungere in sicurezza l\u2019Ospizio, in particolare da febbraio in poi (quando il pericolo delle valanghe \u00e8 pi\u00f9 frequente), \u00e8 opportuno dotarsi di una guida: <a href=\"http:\/\/www.guideverbier.com\">guideverbier.com<\/a>.<\/p>\n<p><strong>Collegamenti ferroviari Italia &#8211; Svizzera<\/strong>. <a href=\"http:\/\/www.ffs.ch\">www.ffs.ch<\/a><\/p>\n<p><img loading=\"lazy\" decoding=\"async\" class=\"aligncenter size-medium wp-image-856\" src=\"http:\/\/blogs.radiopopolare.it\/onderoad\/wp-content\/uploads\/2011\/12\/Gran-San-Bernardo-marzo-2013-193-300x225.jpg\" alt=\"Gran San Bernardo marzo 2013 193\" width=\"300\" height=\"225\" srcset=\"https:\/\/onderoad.radiopopolare.it\/wp-content\/uploads\/2011\/12\/Gran-San-Bernardo-marzo-2013-193-300x225.jpg 300w, https:\/\/onderoad.radiopopolare.it\/wp-content\/uploads\/2011\/12\/Gran-San-Bernardo-marzo-2013-193-1024x768.jpg 1024w\" sizes=\"auto, (max-width: 300px) 100vw, 300px\" \/><\/p>\n<h3>Ascolta il podcast: <\/h3>\n","protected":false},"excerpt":{"rendered":"<p>Info. Valais \/ Wallis Promotion. Rue Pr\u00e9-Fleuri 6, Sion. Tel. +41 27 327 3571 &#8211; vallese.ch Foundation Pierre Gianadda. Rue du Forum, Martigny. Tel. +41 27 722 3978 &#8211; gianadda.ch ; E-mail: info@gianadda.ch. Aperto tutti giorni: da novembre a giugno dalle 10 alle 18, da giugno a novembre dalle 09 alle 19. Biglietto ingresso 15 &hellip; <a href=\"https:\/\/onderoad.radiopopolare.it\/?page_id=1502\" class=\"more-link\">Continua a leggere <span class=\"screen-reader-text\">Sentieri etilici vallesani, 15 ottobre 2017<\/span><\/a><\/p>\n","protected":false},"author":2,"featured_media":0,"parent":1504,"menu_order":0,"comment_status":"open","ping_status":"open","template":"","meta":{"ngg_post_thumbnail":0,"footnotes":""},"class_list":["post-1502","page","type-page","status-publish","hentry","without-featured-image"],"_links":{"self":[{"href":"https:\/\/onderoad.radiopopolare.it\/index.php?rest_route=\/wp\/v2\/pages\/1502","targetHints":{"allow":["GET"]}}],"collection":[{"href":"https:\/\/onderoad.radiopopolare.it\/index.php?rest_route=\/wp\/v2\/pages"}],"about":[{"href":"https:\/\/onderoad.radiopopolare.it\/index.php?rest_route=\/wp\/v2\/types\/page"}],"author":[{"embeddable":true,"href":"https:\/\/onderoad.radiopopolare.it\/index.php?rest_route=\/wp\/v2\/users\/2"}],"replies":[{"embeddable":true,"href":"https:\/\/onderoad.radiopopolare.it\/index.php?rest_route=%2Fwp%2Fv2%2Fcomments&post=1502"}],"version-history":[{"count":5,"href":"https:\/\/onderoad.radiopopolare.it\/index.php?rest_route=\/wp\/v2\/pages\/1502\/revisions"}],"predecessor-version":[{"id":3037,"href":"https:\/\/onderoad.radiopopolare.it\/index.php?rest_route=\/wp\/v2\/pages\/1502\/revisions\/3037"}],"up":[{"embeddable":true,"href":"https:\/\/onderoad.radiopopolare.it\/index.php?rest_route=\/wp\/v2\/pages\/1504"}],"wp:attachment":[{"href":"https:\/\/onderoad.radiopopolare.it\/index.php?rest_route=%2Fwp%2Fv2%2Fmedia&parent=1502"}],"curies":[{"name":"wp","href":"https:\/\/api.w.org\/{rel}","templated":true}]}}