{"id":1500,"date":"2014-01-19T17:04:30","date_gmt":"2014-01-19T16:04:30","guid":{"rendered":"http:\/\/blogs.radiopopolare.it\/onderoad\/?page_id=1500"},"modified":"2018-06-18T13:44:19","modified_gmt":"2018-06-18T12:44:19","slug":"genova","status":"publish","type":"page","link":"https:\/\/onderoad.radiopopolare.it\/?page_id=1500","title":{"rendered":"Geografie musicali genovesi, 19 gennaio 2014"},"content":{"rendered":"<p><strong>Comunit\u00e0 di San Benedetto al Porto<\/strong>. <em>Via San Benedetto 12, Genova<\/em>. Tel 010 2471940. <a href=\"http:\/\/www.sanbenedetto.org\">sanbenedetto.org<\/a>. Tra le strutture gestite dalla comunit\u00e0 anche la Trattoria A\u2019Lanterna, Via Milano 134 r, Genova. Tel 010 256425.<\/p>\n<p><strong>Villa del Principe<\/strong>. <em>Piazza del Principe 4, Genova<\/em>. Tel. 010 255509. <a href=\"http:\/\/www.dopart.it\/genova\">dopart.it\/genova<\/a> La Villa \u00e8 aperta tutti i giorni dalle 10:00 alle 18:00. Ultimo ingresso ore 17:15. Aperto anche il 1\u00b0 novembre, Luned\u00ec dell\u2019Angelo, 25 aprile e 1\u00b0 Maggio. Chiusura: 25 dicembre, 1\u00b0 gennaio, Pasqua. Ingresso: Intero: \u20ac9, Ridotto o Gruppi &#8211; Giovani dai 6 ai 26 anni: \u20ac7. Scuole: \u20ac7 a studente<\/p>\n<p><strong>Via del Campo 29rosso<\/strong>. <em>Via del Campo 29r, Genova<\/em>. Tel 010.2474064. <a href=\"http:\/\/www.viadelcampo29rosso.com\">viadelcampo29rosso.com<\/a> . Orario: marted\u00ec-domenica 10:30-12:30\/15:00-19:00, sabato 10:30-19:00 luned\u00ec chiuso, festivit\u00e0 incluse.<\/p>\n<p><strong>Palazzo Tursi<\/strong>. <em>Via Garibaldi 9, Genova<\/em>. Tel. 010 557 2193. <a href=\"http:\/\/www.museidigenova.it\">museidigenova.it<\/a> Sede del Municipio, nelle stanze adibite a museo ospita il Cannone, il violino di Paganini.<\/p>\n<p><strong>Galata Museo del Mare<\/strong>. <em>Calata De Mari 1, Genova<\/em>. Tel. 010 234 5655. <a href=\"http:\/\/www.galatamuseodelmare.it\">galatamuseodelmare.it<\/a> . Da novembre a febbraio: marted\u00ec-venerd\u00ec 10-18. sabato e domenica 19 gennaio 2014 10-19.30 (chiusu il luned\u00ec). Da marzo a ottobre: tutti i giorni 10-19.30. Ingresso adulti 12\u20ac, ragazzi 7\u20ac.<\/p>\n<p><strong>Palestra Baia degli Angeli<\/strong>.<em> Corso Italia 19r<\/em>, tel. 010 314247. Dotata di stratosferiche finestre sul mare, pu\u00f2 essere frequentata anche senza abbonamento: basta pagare un ingresso di 7\u20ac.<\/p>\n<p><strong>Info<\/strong>. Ufficio d\u2019informazione accoglienza turistica. Oltre alla sede in<em> Via Garibaldi 12<\/em> (tel. 010.5572903), c\u2019\u00e8 un chiosco in piazza Caricamento, vicino al capolinea del bus 1. Web:&nbsp;<a href=\"http:\/\/www.visitgenoa.it\">visitgenoa.it<\/a>&nbsp; &amp;&nbsp;<a href=\"http:\/\/www.genovaspettacolare.it\">genovaspettacolare.it<\/a><\/p>\n<p><img loading=\"lazy\" decoding=\"async\" class=\"aligncenter size-medium wp-image-878\" src=\"http:\/\/blogs.radiopopolare.it\/onderoad\/wp-content\/uploads\/2011\/12\/GENOVA-nov2013_Vittorio-de-Scalzi-ain-via-Del-Campo-217x300.jpg\" alt=\"GENOVA nov2013_Vittorio de Scalzi ain via Del Campo\" width=\"217\" height=\"300\" srcset=\"https:\/\/onderoad.radiopopolare.it\/wp-content\/uploads\/2011\/12\/GENOVA-nov2013_Vittorio-de-Scalzi-ain-via-Del-Campo-217x300.jpg 217w, https:\/\/onderoad.radiopopolare.it\/wp-content\/uploads\/2011\/12\/GENOVA-nov2013_Vittorio-de-Scalzi-ain-via-Del-Campo-741x1024.jpg 741w\" sizes=\"auto, (max-width: 217px) 100vw, 217px\" \/><\/p>\n<h3>Ascolta il podcast: <\/h3>\n","protected":false},"excerpt":{"rendered":"<p>Comunit\u00e0 di San Benedetto al Porto. Via San Benedetto 12, Genova. Tel 010 2471940. sanbenedetto.org. Tra le strutture gestite dalla comunit\u00e0 anche la Trattoria A\u2019Lanterna, Via Milano 134 r, Genova. Tel 010 256425. Villa del Principe. Piazza del Principe 4, Genova. Tel. 010 255509. dopart.it\/genova La Villa \u00e8 aperta tutti i giorni dalle 10:00 alle &hellip; <a href=\"https:\/\/onderoad.radiopopolare.it\/?page_id=1500\" class=\"more-link\">Continua a leggere <span class=\"screen-reader-text\">Geografie musicali genovesi, 19 gennaio 2014<\/span><\/a><\/p>\n","protected":false},"author":2,"featured_media":0,"parent":1504,"menu_order":0,"comment_status":"open","ping_status":"open","template":"","meta":{"ngg_post_thumbnail":0,"footnotes":""},"class_list":["post-1500","page","type-page","status-publish","hentry","without-featured-image"],"_links":{"self":[{"href":"https:\/\/onderoad.radiopopolare.it\/index.php?rest_route=\/wp\/v2\/pages\/1500","targetHints":{"allow":["GET"]}}],"collection":[{"href":"https:\/\/onderoad.radiopopolare.it\/index.php?rest_route=\/wp\/v2\/pages"}],"about":[{"href":"https:\/\/onderoad.radiopopolare.it\/index.php?rest_route=\/wp\/v2\/types\/page"}],"author":[{"embeddable":true,"href":"https:\/\/onderoad.radiopopolare.it\/index.php?rest_route=\/wp\/v2\/users\/2"}],"replies":[{"embeddable":true,"href":"https:\/\/onderoad.radiopopolare.it\/index.php?rest_route=%2Fwp%2Fv2%2Fcomments&post=1500"}],"version-history":[{"count":5,"href":"https:\/\/onderoad.radiopopolare.it\/index.php?rest_route=\/wp\/v2\/pages\/1500\/revisions"}],"predecessor-version":[{"id":3034,"href":"https:\/\/onderoad.radiopopolare.it\/index.php?rest_route=\/wp\/v2\/pages\/1500\/revisions\/3034"}],"up":[{"embeddable":true,"href":"https:\/\/onderoad.radiopopolare.it\/index.php?rest_route=\/wp\/v2\/pages\/1504"}],"wp:attachment":[{"href":"https:\/\/onderoad.radiopopolare.it\/index.php?rest_route=%2Fwp%2Fv2%2Fmedia&parent=1500"}],"curies":[{"name":"wp","href":"https:\/\/api.w.org\/{rel}","templated":true}]}}